{"id":894,"date":"2025-09-01T19:28:16","date_gmt":"2025-09-01T18:28:16","guid":{"rendered":"https:\/\/makeitwork.ch\/?post_type=product&#038;p=894"},"modified":"2025-12-31T21:20:25","modified_gmt":"2025-12-31T21:20:25","slug":"reparations-iphone-13","status":"publish","type":"product","link":"https:\/\/makeitwork.ch\/?product=reparations-iphone-13","title":{"rendered":"R\u00e9parations iphone 13"},"content":{"rendered":"<p>Nous vous remercions pour l&#8217;int\u00e9r\u00eat port\u00e9 \u00e0 nos produits de r\u00e9paration.<br \/>\nParcourez nos diff\u00e9rentes r\u00e9parations pour iphone 13.<br \/>\nSi la r\u00e9paration que vous cherchez n&#8217;est pas dans la liste, prenez-contact avec nous via le formulaire.<br \/>\nDate des premi\u00e8res commercialisations: septembre 2021<br \/>\nMod\u00e8les : A2482, A2631, A2633, A2634, A2635<\/p>\n","protected":false},"excerpt":{"rendered":"<p>Nous vous remercions pour l&#8217;int\u00e9r\u00eat port\u00e9 \u00e0 nos produits de r\u00e9paration. Parcourez nos diff\u00e9rentes r\u00e9parations pour iphone 13. Si la r\u00e9paration que vous cherchez n&#8217;est pas dans la liste, prenez-contact avec nous via le formulaire. Date des premi\u00e8res commercialisations: septembre 2021 Mod\u00e8les : A2482, A2631, A2633, A2634, A2635<\/p>\n","protected":false},"featured_media":1116,"comment_status":"open","ping_status":"closed","template":"","meta":{"_acf_changed":false},"product_brand":[],"product_cat":[20,69,78,47],"product_tag":[],"class_list":{"0":"post-894","1":"product","2":"type-product","3":"status-publish","4":"has-post-thumbnail","6":"product_cat-reparations","7":"product_cat-reparations-iphones-iphone13","8":"product_cat-reparations-iphone-iphone13","9":"product_cat-reparations-iphones","11":"first","12":"instock","13":"purchasable","14":"product-type-bundle"},"bundled_by":[],"bundle_stock_status":"instock","bundle_stock_quantity":"","bundle_virtual":false,"bundle_layout":"grid","bundle_add_to_cart_form_location":"default","bundle_editable_in_cart":false,"bundle_sold_individually_context":"product","bundle_item_grouping":"parent","bundle_min_size":"","bundle_max_size":"","bundle_price":{"price":{"min":{"incl_tax":"0.00","excl_tax":"0.00"},"max":{"incl_tax":"1041","excl_tax":"1041"}},"regular_price":{"min":{"incl_tax":"0.00","excl_tax":"0.00"},"max":{"incl_tax":"1041","excl_tax":"1041"}}},"bundled_items":[{"bundled_item_id":2,"product_id":886,"menu_order":0,"quantity_min":1,"quantity_max":1,"quantity_default":1,"priced_individually":true,"shipped_individually":true,"override_title":false,"title":"Verre arri\u00e8re bris\u00e9","override_description":false,"description":"","optional":true,"hide_thumbnail":false,"discount":"","override_variations":false,"allowed_variations":[],"override_default_variation_attributes":false,"default_variation_attributes":[],"single_product_visibility":"visible","cart_visibility":"visible","order_visibility":"visible","single_product_price_visibility":"visible","cart_price_visibility":"visible","order_price_visibility":"visible","stock_status":"in_stock"},{"bundled_item_id":3,"product_id":869,"menu_order":1,"quantity_min":1,"quantity_max":1,"quantity_default":1,"priced_individually":true,"shipped_individually":true,"override_title":false,"title":"Remplacement OLED reconditionn\u00e9","override_description":false,"description":"","optional":true,"hide_thumbnail":false,"discount":"","override_variations":false,"allowed_variations":[],"override_default_variation_attributes":false,"default_variation_attributes":[],"single_product_visibility":"visible","cart_visibility":"visible","order_visibility":"visible","single_product_price_visibility":"visible","cart_price_visibility":"visible","order_price_visibility":"visible","stock_status":"in_stock"},{"bundled_item_id":4,"product_id":879,"menu_order":2,"quantity_min":1,"quantity_max":1,"quantity_default":1,"priced_individually":true,"shipped_individually":true,"override_title":false,"title":"Remplacement OLED g\u00e9n\u00e9rique","override_description":false,"description":"","optional":true,"hide_thumbnail":false,"discount":"","override_variations":false,"allowed_variations":[],"override_default_variation_attributes":false,"default_variation_attributes":[],"single_product_visibility":"visible","cart_visibility":"visible","order_visibility":"visible","single_product_price_visibility":"visible","cart_price_visibility":"visible","order_price_visibility":"visible","stock_status":"in_stock"},{"bundled_item_id":9,"product_id":1022,"menu_order":3,"quantity_min":1,"quantity_max":1,"quantity_default":1,"priced_individually":true,"shipped_individually":true,"override_title":false,"title":"Lentille cam\u00e9ra bris\u00e9e(s)","override_description":false,"description":"","optional":true,"hide_thumbnail":false,"discount":"","override_variations":false,"allowed_variations":[],"override_default_variation_attributes":false,"default_variation_attributes":[],"single_product_visibility":"visible","cart_visibility":"visible","order_visibility":"visible","single_product_price_visibility":"visible","cart_price_visibility":"visible","order_price_visibility":"visible","stock_status":"in_stock"},{"bundled_item_id":12,"product_id":1067,"menu_order":4,"quantity_min":1,"quantity_max":1,"quantity_default":1,"priced_individually":true,"shipped_individually":true,"override_title":false,"title":"Camera arri\u00e8re cass\u00e9e","override_description":false,"description":"","optional":true,"hide_thumbnail":false,"discount":"","override_variations":false,"allowed_variations":[],"override_default_variation_attributes":false,"default_variation_attributes":[],"single_product_visibility":"visible","cart_visibility":"visible","order_visibility":"visible","single_product_price_visibility":"visible","cart_price_visibility":"visible","order_price_visibility":"visible","stock_status":"in_stock"},{"bundled_item_id":41,"product_id":1016,"menu_order":5,"quantity_min":1,"quantity_max":1,"quantity_default":1,"priced_individually":true,"shipped_individually":false,"override_title":false,"title":"Diagnostic & Devis","override_description":false,"description":"","optional":true,"hide_thumbnail":false,"discount":"","override_variations":false,"allowed_variations":[],"override_default_variation_attributes":false,"default_variation_attributes":[],"single_product_visibility":"visible","cart_visibility":"visible","order_visibility":"visible","single_product_price_visibility":"visible","cart_price_visibility":"visible","order_price_visibility":"visible","stock_status":"in_stock"},{"bundled_item_id":42,"product_id":1017,"menu_order":6,"quantity_min":1,"quantity_max":1,"quantity_default":1,"priced_individually":true,"shipped_individually":false,"override_title":false,"title":"Fourre & film \u00e9cran","override_description":false,"description":"","optional":true,"hide_thumbnail":false,"discount":"","override_variations":false,"allowed_variations":[],"override_default_variation_attributes":false,"default_variation_attributes":[],"single_product_visibility":"visible","cart_visibility":"visible","order_visibility":"visible","single_product_price_visibility":"visible","cart_price_visibility":"visible","order_price_visibility":"visible","stock_status":"in_stock"},{"bundled_item_id":43,"product_id":1100,"menu_order":7,"quantity_min":1,"quantity_max":1,"quantity_default":1,"priced_individually":true,"shipped_individually":true,"override_title":false,"title":"Remplacement Batterie","override_description":false,"description":"","optional":true,"hide_thumbnail":false,"discount":"","override_variations":false,"allowed_variations":[],"override_default_variation_attributes":false,"default_variation_attributes":[],"single_product_visibility":"visible","cart_visibility":"visible","order_visibility":"visible","single_product_price_visibility":"visible","cart_price_visibility":"visible","order_price_visibility":"visible","stock_status":"in_stock"},{"bundled_item_id":44,"product_id":1067,"menu_order":8,"quantity_min":1,"quantity_max":1,"quantity_default":1,"priced_individually":true,"shipped_individually":true,"override_title":false,"title":"Camera arri\u00e8re cass\u00e9e","override_description":false,"description":"","optional":true,"hide_thumbnail":false,"discount":"","override_variations":false,"allowed_variations":[],"override_default_variation_attributes":false,"default_variation_attributes":[],"single_product_visibility":"visible","cart_visibility":"visible","order_visibility":"visible","single_product_price_visibility":"visible","cart_price_visibility":"visible","order_price_visibility":"visible","stock_status":"in_stock"}],"bundle_sell_ids":[],"acf":[],"_links":{"self":[{"href":"https:\/\/makeitwork.ch\/index.php?rest_route=\/wp\/v2\/product\/894","targetHints":{"allow":["GET"]}}],"collection":[{"href":"https:\/\/makeitwork.ch\/index.php?rest_route=\/wp\/v2\/product"}],"about":[{"href":"https:\/\/makeitwork.ch\/index.php?rest_route=\/wp\/v2\/types\/product"}],"replies":[{"embeddable":true,"href":"https:\/\/makeitwork.ch\/index.php?rest_route=%2Fwp%2Fv2%2Fcomments&post=894"}],"version-history":[{"count":4,"href":"https:\/\/makeitwork.ch\/index.php?rest_route=\/wp\/v2\/product\/894\/revisions"}],"predecessor-version":[{"id":1167,"href":"https:\/\/makeitwork.ch\/index.php?rest_route=\/wp\/v2\/product\/894\/revisions\/1167"}],"wp:featuredmedia":[{"embeddable":true,"href":"https:\/\/makeitwork.ch\/index.php?rest_route=\/wp\/v2\/media\/1116"}],"wp:attachment":[{"href":"https:\/\/makeitwork.ch\/index.php?rest_route=%2Fwp%2Fv2%2Fmedia&parent=894"}],"wp:term":[{"taxonomy":"product_brand","embeddable":true,"href":"https:\/\/makeitwork.ch\/index.php?rest_route=%2Fwp%2Fv2%2Fproduct_brand&post=894"},{"taxonomy":"product_cat","embeddable":true,"href":"https:\/\/makeitwork.ch\/index.php?rest_route=%2Fwp%2Fv2%2Fproduct_cat&post=894"},{"taxonomy":"product_tag","embeddable":true,"href":"https:\/\/makeitwork.ch\/index.php?rest_route=%2Fwp%2Fv2%2Fproduct_tag&post=894"}],"curies":[{"name":"wp","href":"https:\/\/api.w.org\/{rel}","templated":true}]}}