{"id":1210,"date":"2025-12-31T22:56:54","date_gmt":"2025-12-31T22:56:54","guid":{"rendered":"https:\/\/makeitwork.ch\/?post_type=product&#038;p=1210"},"modified":"2026-01-01T03:34:15","modified_gmt":"2026-01-01T03:34:15","slug":"reparations-iphone-15-pro-max","status":"publish","type":"product","link":"https:\/\/makeitwork.ch\/?product=reparations-iphone-15-pro-max","title":{"rendered":"R\u00e9parations iphone 15 Pro Max"},"content":{"rendered":"<p>Nous vous remercions pour l&#8217;int\u00e9r\u00eat port\u00e9 \u00e0 nos produits de r\u00e9paration.<br \/>\nParcourez nos diff\u00e9rentes r\u00e9parations pour iphone 15 Pro Max<br \/>\nSi la r\u00e9paration que vous cherchez n&#8217;est pas dans la liste, prenez-contact avec nous via le formulaire.<br \/>\nDate des premi\u00e8res commercialisations: septembre 2023<br \/>\nMod\u00e8les : A2849, A3105, A3106, A3108<\/p>\n","protected":false},"excerpt":{"rendered":"<p>Nous vous remercions pour l&#8217;int\u00e9r\u00eat port\u00e9 \u00e0 nos produits de r\u00e9paration. Parcourez nos diff\u00e9rentes r\u00e9parations pour iphone 15 Pro Max Si la r\u00e9paration que vous cherchez n&#8217;est pas dans la liste, prenez-contact avec nous via le formulaire. Date des premi\u00e8res commercialisations: septembre 2023 Mod\u00e8les : A2849, A3105, A3106, A3108<\/p>\n","protected":false},"featured_media":1215,"comment_status":"open","ping_status":"closed","template":"","meta":{"_acf_changed":false},"product_brand":[],"product_cat":[20,84,80,47],"product_tag":[],"class_list":{"0":"post-1210","1":"product","2":"type-product","3":"status-publish","4":"has-post-thumbnail","6":"product_cat-reparations","7":"product_cat-reparations-iphones-iphone15promax","8":"product_cat-reparations-iphones-iphone15","9":"product_cat-reparations-iphones","11":"first","12":"instock","13":"purchasable","14":"product-type-bundle"},"bundled_by":[],"bundle_stock_status":"instock","bundle_stock_quantity":"","bundle_virtual":false,"bundle_layout":"grid","bundle_add_to_cart_form_location":"default","bundle_editable_in_cart":false,"bundle_sold_individually_context":"product","bundle_item_grouping":"parent","bundle_min_size":"","bundle_max_size":"","bundle_price":{"price":{"min":{"incl_tax":"0.00","excl_tax":"0.00"},"max":{"incl_tax":"1301","excl_tax":"1301"}},"regular_price":{"min":{"incl_tax":"0.00","excl_tax":"0.00"},"max":{"incl_tax":"1301","excl_tax":"1301"}}},"bundled_items":[{"bundled_item_id":148,"product_id":1022,"menu_order":0,"quantity_min":1,"quantity_max":1,"quantity_default":1,"priced_individually":true,"shipped_individually":true,"override_title":false,"title":"Lentille cam\u00e9ra bris\u00e9e(s)","override_description":false,"description":"","optional":true,"hide_thumbnail":false,"discount":"","override_variations":false,"allowed_variations":[],"override_default_variation_attributes":false,"default_variation_attributes":[],"single_product_visibility":"visible","cart_visibility":"visible","order_visibility":"visible","single_product_price_visibility":"visible","cart_price_visibility":"visible","order_price_visibility":"visible","stock_status":"in_stock"},{"bundled_item_id":149,"product_id":1094,"menu_order":1,"quantity_min":1,"quantity_max":1,"quantity_default":1,"priced_individually":true,"shipped_individually":true,"override_title":false,"title":"Camera arri\u00e8re cass\u00e9e","override_description":false,"description":"","optional":true,"hide_thumbnail":false,"discount":"","override_variations":false,"allowed_variations":[],"override_default_variation_attributes":false,"default_variation_attributes":[],"single_product_visibility":"visible","cart_visibility":"visible","order_visibility":"visible","single_product_price_visibility":"visible","cart_price_visibility":"visible","order_price_visibility":"visible","stock_status":"in_stock"},{"bundled_item_id":150,"product_id":1100,"menu_order":2,"quantity_min":1,"quantity_max":1,"quantity_default":1,"priced_individually":true,"shipped_individually":true,"override_title":false,"title":"Remplacement Batterie","override_description":false,"description":"","optional":true,"hide_thumbnail":false,"discount":"","override_variations":false,"allowed_variations":[],"override_default_variation_attributes":false,"default_variation_attributes":[],"single_product_visibility":"visible","cart_visibility":"visible","order_visibility":"visible","single_product_price_visibility":"visible","cart_price_visibility":"visible","order_price_visibility":"visible","stock_status":"in_stock"},{"bundled_item_id":151,"product_id":1103,"menu_order":3,"quantity_min":1,"quantity_max":1,"quantity_default":1,"priced_individually":true,"shipped_individually":true,"override_title":false,"title":"Recyclage \/ R\u00e9paration vitre avant","override_description":false,"description":"","optional":true,"hide_thumbnail":false,"discount":"","override_variations":false,"allowed_variations":[],"override_default_variation_attributes":false,"default_variation_attributes":[],"single_product_visibility":"visible","cart_visibility":"visible","order_visibility":"visible","single_product_price_visibility":"visible","cart_price_visibility":"visible","order_price_visibility":"visible","stock_status":"in_stock"},{"bundled_item_id":152,"product_id":1017,"menu_order":4,"quantity_min":1,"quantity_max":1,"quantity_default":1,"priced_individually":true,"shipped_individually":false,"override_title":false,"title":"Fourre & film \u00e9cran","override_description":false,"description":"","optional":true,"hide_thumbnail":false,"discount":"","override_variations":false,"allowed_variations":[],"override_default_variation_attributes":false,"default_variation_attributes":[],"single_product_visibility":"visible","cart_visibility":"visible","order_visibility":"visible","single_product_price_visibility":"visible","cart_price_visibility":"visible","order_price_visibility":"visible","stock_status":"in_stock"},{"bundled_item_id":153,"product_id":1016,"menu_order":5,"quantity_min":1,"quantity_max":1,"quantity_default":1,"priced_individually":true,"shipped_individually":false,"override_title":false,"title":"Diagnostic & Devis","override_description":false,"description":"","optional":true,"hide_thumbnail":false,"discount":"","override_variations":false,"allowed_variations":[],"override_default_variation_attributes":false,"default_variation_attributes":[],"single_product_visibility":"visible","cart_visibility":"visible","order_visibility":"visible","single_product_price_visibility":"visible","cart_price_visibility":"visible","order_price_visibility":"visible","stock_status":"in_stock"},{"bundled_item_id":157,"product_id":1211,"menu_order":6,"quantity_min":1,"quantity_max":1,"quantity_default":1,"priced_individually":true,"shipped_individually":true,"override_title":false,"title":"Remplacement OLED g\u00e9n\u00e9rique","override_description":false,"description":"","optional":true,"hide_thumbnail":false,"discount":"","override_variations":false,"allowed_variations":[],"override_default_variation_attributes":false,"default_variation_attributes":[],"single_product_visibility":"visible","cart_visibility":"visible","order_visibility":"visible","single_product_price_visibility":"visible","cart_price_visibility":"visible","order_price_visibility":"visible","stock_status":"in_stock"},{"bundled_item_id":184,"product_id":1099,"menu_order":7,"quantity_min":1,"quantity_max":1,"quantity_default":1,"priced_individually":true,"shipped_individually":true,"override_title":false,"title":"Verre arri\u00e8re bris\u00e9","override_description":false,"description":"","optional":true,"hide_thumbnail":false,"discount":"","override_variations":false,"allowed_variations":[],"override_default_variation_attributes":false,"default_variation_attributes":[],"single_product_visibility":"visible","cart_visibility":"visible","order_visibility":"visible","single_product_price_visibility":"visible","cart_price_visibility":"visible","order_price_visibility":"visible","stock_status":"in_stock"},{"bundled_item_id":217,"product_id":1235,"menu_order":8,"quantity_min":1,"quantity_max":1,"quantity_default":1,"priced_individually":true,"shipped_individually":true,"override_title":false,"title":"Remplacement OLED reconditionn\u00e9","override_description":false,"description":"","optional":true,"hide_thumbnail":false,"discount":"","override_variations":false,"allowed_variations":[],"override_default_variation_attributes":false,"default_variation_attributes":[],"single_product_visibility":"visible","cart_visibility":"visible","order_visibility":"visible","single_product_price_visibility":"visible","cart_price_visibility":"visible","order_price_visibility":"visible","stock_status":"in_stock"}],"bundle_sell_ids":[],"acf":[],"_links":{"self":[{"href":"https:\/\/makeitwork.ch\/index.php?rest_route=\/wp\/v2\/product\/1210","targetHints":{"allow":["GET"]}}],"collection":[{"href":"https:\/\/makeitwork.ch\/index.php?rest_route=\/wp\/v2\/product"}],"about":[{"href":"https:\/\/makeitwork.ch\/index.php?rest_route=\/wp\/v2\/types\/product"}],"replies":[{"embeddable":true,"href":"https:\/\/makeitwork.ch\/index.php?rest_route=%2Fwp%2Fv2%2Fcomments&post=1210"}],"version-history":[{"count":1,"href":"https:\/\/makeitwork.ch\/index.php?rest_route=\/wp\/v2\/product\/1210\/revisions"}],"predecessor-version":[{"id":1216,"href":"https:\/\/makeitwork.ch\/index.php?rest_route=\/wp\/v2\/product\/1210\/revisions\/1216"}],"wp:featuredmedia":[{"embeddable":true,"href":"https:\/\/makeitwork.ch\/index.php?rest_route=\/wp\/v2\/media\/1215"}],"wp:attachment":[{"href":"https:\/\/makeitwork.ch\/index.php?rest_route=%2Fwp%2Fv2%2Fmedia&parent=1210"}],"wp:term":[{"taxonomy":"product_brand","embeddable":true,"href":"https:\/\/makeitwork.ch\/index.php?rest_route=%2Fwp%2Fv2%2Fproduct_brand&post=1210"},{"taxonomy":"product_cat","embeddable":true,"href":"https:\/\/makeitwork.ch\/index.php?rest_route=%2Fwp%2Fv2%2Fproduct_cat&post=1210"},{"taxonomy":"product_tag","embeddable":true,"href":"https:\/\/makeitwork.ch\/index.php?rest_route=%2Fwp%2Fv2%2Fproduct_tag&post=1210"}],"curies":[{"name":"wp","href":"https:\/\/api.w.org\/{rel}","templated":true}]}}