{"id":1137,"date":"2025-12-31T14:12:12","date_gmt":"2025-12-31T14:12:12","guid":{"rendered":"https:\/\/makeitwork.ch\/?post_type=product&#038;p=1137"},"modified":"2025-12-31T18:23:48","modified_gmt":"2025-12-31T18:23:48","slug":"reparations-iphone-13-pro-max","status":"publish","type":"product","link":"https:\/\/makeitwork.ch\/?product=reparations-iphone-13-pro-max","title":{"rendered":"R\u00e9parations iphone 13 Pro Max"},"content":{"rendered":"<p>Nous vous remercions pour l&#8217;int\u00e9r\u00eat port\u00e9 \u00e0 nos produits de r\u00e9paration.<br \/>\nParcourez les diff\u00e9rentes options pour iphone 13 Pro Max.<br \/>\nSi la r\u00e9paration que vous cherchez n&#8217;est pas dans la liste, prenez-contact avec nous via le formulaire.<br \/>\nDate des premi\u00e8res commercialisations: septembre 2021<br \/>\nMod\u00e8les existants:<br \/>\nA2484 (USA)<br \/>\nA2641 (Canada, Japon, Mexique, Arabie Saoudite)<br \/>\nA2643 (Europe) A2644 (Chine, HK, Macao)<br \/>\nA2645 (Arm\u00e9nie, Bi\u00e9lorussie, Russie, Kazakhstan, Kirghizistan)<\/p>\n","protected":false},"excerpt":{"rendered":"<p>Nous vous remercions pour l&#8217;int\u00e9r\u00eat port\u00e9 \u00e0 nos produits de r\u00e9paration. Parcourez les diff\u00e9rentes options pour iphone 13 Pro Max. Si la r\u00e9paration que vous cherchez n&#8217;est pas dans la liste, prenez-contact avec nous via le formulaire. Date des premi\u00e8res commercialisations: septembre 2021 Mod\u00e8les existants: A2484 (USA) A2641 (Canada, Japon, Mexique, Arabie Saoudite) A2643 (Europe) [&hellip;]<\/p>\n","protected":false},"featured_media":1138,"comment_status":"open","ping_status":"closed","template":"","meta":{"_acf_changed":false},"product_brand":[],"product_cat":[20,71,47],"product_tag":[],"class_list":{"0":"post-1137","1":"product","2":"type-product","3":"status-publish","4":"has-post-thumbnail","6":"product_cat-reparations","7":"product_cat-reparations-iphone-iphone13pro","8":"product_cat-reparations-iphones","10":"first","11":"instock","12":"purchasable","13":"product-type-bundle"},"bundled_by":[],"bundle_stock_status":"instock","bundle_stock_quantity":"","bundle_virtual":false,"bundle_layout":"grid","bundle_add_to_cart_form_location":"default","bundle_editable_in_cart":false,"bundle_sold_individually_context":"product","bundle_item_grouping":"parent","bundle_min_size":"","bundle_max_size":"","bundle_price":{"price":{"min":{"incl_tax":"0.00","excl_tax":"0.00"},"max":{"incl_tax":"1181","excl_tax":"1181"}},"regular_price":{"min":{"incl_tax":"0.00","excl_tax":"0.00"},"max":{"incl_tax":"1181","excl_tax":"1181"}}},"bundled_items":[{"bundled_item_id":59,"product_id":1022,"menu_order":0,"quantity_min":1,"quantity_max":1,"quantity_default":1,"priced_individually":true,"shipped_individually":true,"override_title":false,"title":"Lentille cam\u00e9ra bris\u00e9e(s)","override_description":false,"description":"","optional":true,"hide_thumbnail":false,"discount":"","override_variations":false,"allowed_variations":[],"override_default_variation_attributes":false,"default_variation_attributes":[],"single_product_visibility":"visible","cart_visibility":"visible","order_visibility":"visible","single_product_price_visibility":"visible","cart_price_visibility":"visible","order_price_visibility":"visible","stock_status":"in_stock"},{"bundled_item_id":60,"product_id":1094,"menu_order":1,"quantity_min":1,"quantity_max":1,"quantity_default":1,"priced_individually":true,"shipped_individually":true,"override_title":false,"title":"Camera arri\u00e8re cass\u00e9e","override_description":false,"description":"","optional":true,"hide_thumbnail":false,"discount":"","override_variations":false,"allowed_variations":[],"override_default_variation_attributes":false,"default_variation_attributes":[],"single_product_visibility":"visible","cart_visibility":"visible","order_visibility":"visible","single_product_price_visibility":"visible","cart_price_visibility":"visible","order_price_visibility":"visible","stock_status":"in_stock"},{"bundled_item_id":61,"product_id":1100,"menu_order":2,"quantity_min":1,"quantity_max":1,"quantity_default":1,"priced_individually":true,"shipped_individually":true,"override_title":false,"title":"Remplacement Batterie","override_description":false,"description":"","optional":true,"hide_thumbnail":false,"discount":"","override_variations":false,"allowed_variations":[],"override_default_variation_attributes":false,"default_variation_attributes":[],"single_product_visibility":"visible","cart_visibility":"visible","order_visibility":"visible","single_product_price_visibility":"visible","cart_price_visibility":"visible","order_price_visibility":"visible","stock_status":"in_stock"},{"bundled_item_id":62,"product_id":1103,"menu_order":3,"quantity_min":1,"quantity_max":1,"quantity_default":1,"priced_individually":true,"shipped_individually":true,"override_title":false,"title":"Recyclage vitre avant","override_description":false,"description":"","optional":true,"hide_thumbnail":false,"discount":"","override_variations":false,"allowed_variations":[],"override_default_variation_attributes":false,"default_variation_attributes":[],"single_product_visibility":"visible","cart_visibility":"visible","order_visibility":"visible","single_product_price_visibility":"visible","cart_price_visibility":"visible","order_price_visibility":"visible","stock_status":"in_stock"},{"bundled_item_id":63,"product_id":1099,"menu_order":4,"quantity_min":1,"quantity_max":1,"quantity_default":1,"priced_individually":true,"shipped_individually":true,"override_title":false,"title":"Verre arri\u00e8re bris\u00e9","override_description":false,"description":"","optional":true,"hide_thumbnail":false,"discount":"","override_variations":false,"allowed_variations":[],"override_default_variation_attributes":false,"default_variation_attributes":[],"single_product_visibility":"visible","cart_visibility":"visible","order_visibility":"visible","single_product_price_visibility":"visible","cart_price_visibility":"visible","order_price_visibility":"visible","stock_status":"in_stock"},{"bundled_item_id":64,"product_id":1017,"menu_order":5,"quantity_min":1,"quantity_max":1,"quantity_default":1,"priced_individually":true,"shipped_individually":false,"override_title":false,"title":"Fourre & film \u00e9cran","override_description":false,"description":"","optional":true,"hide_thumbnail":false,"discount":"","override_variations":false,"allowed_variations":[],"override_default_variation_attributes":false,"default_variation_attributes":[],"single_product_visibility":"visible","cart_visibility":"visible","order_visibility":"visible","single_product_price_visibility":"visible","cart_price_visibility":"visible","order_price_visibility":"visible","stock_status":"in_stock"},{"bundled_item_id":65,"product_id":1016,"menu_order":6,"quantity_min":1,"quantity_max":1,"quantity_default":1,"priced_individually":true,"shipped_individually":false,"override_title":false,"title":"Diagnostic & Devis","override_description":false,"description":"","optional":true,"hide_thumbnail":false,"discount":"","override_variations":false,"allowed_variations":[],"override_default_variation_attributes":false,"default_variation_attributes":[],"single_product_visibility":"visible","cart_visibility":"visible","order_visibility":"visible","single_product_price_visibility":"visible","cart_price_visibility":"visible","order_price_visibility":"visible","stock_status":"in_stock"},{"bundled_item_id":66,"product_id":1140,"menu_order":7,"quantity_min":1,"quantity_max":1,"quantity_default":1,"priced_individually":true,"shipped_individually":true,"override_title":false,"title":"Remplacement OLED reconditionn\u00e9","override_description":false,"description":"","optional":true,"hide_thumbnail":false,"discount":"","override_variations":false,"allowed_variations":[],"override_default_variation_attributes":false,"default_variation_attributes":[],"single_product_visibility":"visible","cart_visibility":"visible","order_visibility":"visible","single_product_price_visibility":"visible","cart_price_visibility":"visible","order_price_visibility":"visible","stock_status":"in_stock"},{"bundled_item_id":67,"product_id":1142,"menu_order":8,"quantity_min":1,"quantity_max":1,"quantity_default":1,"priced_individually":true,"shipped_individually":true,"override_title":false,"title":"Remplacement OLED g\u00e9n\u00e9rique","override_description":false,"description":"","optional":true,"hide_thumbnail":false,"discount":"","override_variations":false,"allowed_variations":[],"override_default_variation_attributes":false,"default_variation_attributes":[],"single_product_visibility":"visible","cart_visibility":"visible","order_visibility":"visible","single_product_price_visibility":"visible","cart_price_visibility":"visible","order_price_visibility":"visible","stock_status":"in_stock"}],"bundle_sell_ids":[],"acf":[],"_links":{"self":[{"href":"https:\/\/makeitwork.ch\/index.php?rest_route=\/wp\/v2\/product\/1137","targetHints":{"allow":["GET"]}}],"collection":[{"href":"https:\/\/makeitwork.ch\/index.php?rest_route=\/wp\/v2\/product"}],"about":[{"href":"https:\/\/makeitwork.ch\/index.php?rest_route=\/wp\/v2\/types\/product"}],"replies":[{"embeddable":true,"href":"https:\/\/makeitwork.ch\/index.php?rest_route=%2Fwp%2Fv2%2Fcomments&post=1137"}],"version-history":[{"count":4,"href":"https:\/\/makeitwork.ch\/index.php?rest_route=\/wp\/v2\/product\/1137\/revisions"}],"predecessor-version":[{"id":1163,"href":"https:\/\/makeitwork.ch\/index.php?rest_route=\/wp\/v2\/product\/1137\/revisions\/1163"}],"wp:featuredmedia":[{"embeddable":true,"href":"https:\/\/makeitwork.ch\/index.php?rest_route=\/wp\/v2\/media\/1138"}],"wp:attachment":[{"href":"https:\/\/makeitwork.ch\/index.php?rest_route=%2Fwp%2Fv2%2Fmedia&parent=1137"}],"wp:term":[{"taxonomy":"product_brand","embeddable":true,"href":"https:\/\/makeitwork.ch\/index.php?rest_route=%2Fwp%2Fv2%2Fproduct_brand&post=1137"},{"taxonomy":"product_cat","embeddable":true,"href":"https:\/\/makeitwork.ch\/index.php?rest_route=%2Fwp%2Fv2%2Fproduct_cat&post=1137"},{"taxonomy":"product_tag","embeddable":true,"href":"https:\/\/makeitwork.ch\/index.php?rest_route=%2Fwp%2Fv2%2Fproduct_tag&post=1137"}],"curies":[{"name":"wp","href":"https:\/\/api.w.org\/{rel}","templated":true}]}}